{"id":55632,"date":"2023-06-12T07:09:35","date_gmt":"2023-06-12T05:09:35","guid":{"rendered":"https:\/\/emene.nueva.avantarea.com\/?post_type=product&#038;p=55632"},"modified":"2026-02-24T15:51:55","modified_gmt":"2026-02-24T14:51:55","slug":"pack-blanc-lavabo-espejo-aplique-led-copia","status":"publish","type":"product","link":"https:\/\/emene.com\/fr\/producto\/pack-blanc-lavabo-espejo-aplique-led-copia\/","title":{"rendered":"Pack BLANC + lavabo + miroir + applique LED"},"content":{"rendered":"<p>Pack compos\u00e9 de meuble de salle de bain de 80 cm fabriqu\u00e9 en panneau de particules finition laqu\u00e9e brillante de 19 mm avec fa\u00e7ade usin\u00e9e laqu\u00e9e blanc brillant de 19 mm avec un tiroir de grande capacit\u00e9, fermeture amortie et extraction totale. Vasque \u00e0 poser en c\u00e9ramique blanche incluse. Miroir simple de 80&#215;50 et spot LED de 9,6 W avec 600 lumens et une temp\u00e9rature de couleur de 6000 K inclus. Fabriqu\u00e9 en Espagne.<\/p>\n","protected":false},"excerpt":{"rendered":"<p>Pack compos\u00e9 de meuble de salle de bain de 80 cm fabriqu\u00e9 en panneau de particules finition laqu\u00e9e brillante de 19 mm avec fa\u00e7ade usin\u00e9e laqu\u00e9e blanc brillant de 19&#8230;<\/p>\n","protected":false},"featured_media":746,"comment_status":"closed","ping_status":"closed","template":"","meta":[],"product_brand":[430],"product_cat":[390],"product_tag":[],"class_list":{"0":"post-55632","1":"product","2":"type-product","3":"status-publish","4":"has-post-thumbnail","6":"product_brand-blanc","7":"product_cat-meubles-de-salle-de-bain","8":"pa_color-blanco","9":"pa_tamano-571","10":"pa_tamano-131","11":"pa_tamano-130","13":"first","14":"instock","15":"purchasable","16":"product-type-variable"},"_links":{"self":[{"href":"https:\/\/emene.com\/fr\/wp-json\/wp\/v2\/product\/55632","targetHints":{"allow":["GET"]}}],"collection":[{"href":"https:\/\/emene.com\/fr\/wp-json\/wp\/v2\/product"}],"about":[{"href":"https:\/\/emene.com\/fr\/wp-json\/wp\/v2\/types\/product"}],"replies":[{"embeddable":true,"href":"https:\/\/emene.com\/fr\/wp-json\/wp\/v2\/comments?post=55632"}],"wp:featuredmedia":[{"embeddable":true,"href":"https:\/\/emene.com\/fr\/wp-json\/wp\/v2\/media\/746"}],"wp:attachment":[{"href":"https:\/\/emene.com\/fr\/wp-json\/wp\/v2\/media?parent=55632"}],"wp:term":[{"taxonomy":"product_brand","embeddable":true,"href":"https:\/\/emene.com\/fr\/wp-json\/wp\/v2\/product_brand?post=55632"},{"taxonomy":"product_cat","embeddable":true,"href":"https:\/\/emene.com\/fr\/wp-json\/wp\/v2\/product_cat?post=55632"},{"taxonomy":"product_tag","embeddable":true,"href":"https:\/\/emene.com\/fr\/wp-json\/wp\/v2\/product_tag?post=55632"}],"curies":[{"name":"wp","href":"https:\/\/api.w.org\/{rel}","templated":true}]}}