{"id":55636,"date":"2023-06-12T07:09:35","date_gmt":"2023-06-12T05:09:35","guid":{"rendered":"https:\/\/emene.nueva.avantarea.com\/?post_type=product&#038;p=55636"},"modified":"2026-02-24T15:51:57","modified_gmt":"2026-02-24T14:51:57","slug":"complemento-blanc-copia","status":"publish","type":"product","link":"https:\/\/emene.com\/fr\/producto\/complemento-blanc-copia\/","title":{"rendered":"Compl\u00e9ment BLANC"},"content":{"rendered":"<p>Meuble d&rsquo;appoint de salle de bain de 36&#215;35 cm fabriqu\u00e9 en MDF avec porte en relief et finition laqu\u00e9e haute brillance polie et fermeture softclosing. Comprend une \u00e9tag\u00e8re \u00e0 l&rsquo;int\u00e9rieur. Charni\u00e8res avec fermeture softclosing test\u00e9es \u00e0 80 000 cycles, r\u00e9glables sur les trois axes. Fixations murales capables de supporter jusqu&rsquo;\u00e0 65 Kg par fixation. Fabriqu\u00e9 en Espagne.<\/p>\n","protected":false},"excerpt":{"rendered":"<p>Meuble d&rsquo;appoint de salle de bain de 36&#215;35 cm fabriqu\u00e9 en MDF avec porte en relief et finition laqu\u00e9e haute brillance polie et fermeture softclosing. Comprend une \u00e9tag\u00e8re \u00e0 l&rsquo;int\u00e9rieur&#8230;.<\/p>\n","protected":false},"featured_media":739,"comment_status":"closed","ping_status":"closed","template":"","meta":[],"product_brand":[430],"product_cat":[390],"product_tag":[],"class_list":{"0":"post-55636","1":"product","2":"type-product","3":"status-publish","4":"has-post-thumbnail","6":"product_brand-blanc","7":"product_cat-meubles-de-salle-de-bain","8":"pa_color-bardolino-alcatraz","9":"pa_color-blanc-alcatraz","10":"pa_color-blanco","11":"pa_tamano-552","12":"pa_tamano-138","14":"first","15":"instock","16":"purchasable","17":"product-type-variable"},"_links":{"self":[{"href":"https:\/\/emene.com\/fr\/wp-json\/wp\/v2\/product\/55636","targetHints":{"allow":["GET"]}}],"collection":[{"href":"https:\/\/emene.com\/fr\/wp-json\/wp\/v2\/product"}],"about":[{"href":"https:\/\/emene.com\/fr\/wp-json\/wp\/v2\/types\/product"}],"replies":[{"embeddable":true,"href":"https:\/\/emene.com\/fr\/wp-json\/wp\/v2\/comments?post=55636"}],"wp:featuredmedia":[{"embeddable":true,"href":"https:\/\/emene.com\/fr\/wp-json\/wp\/v2\/media\/739"}],"wp:attachment":[{"href":"https:\/\/emene.com\/fr\/wp-json\/wp\/v2\/media?parent=55636"}],"wp:term":[{"taxonomy":"product_brand","embeddable":true,"href":"https:\/\/emene.com\/fr\/wp-json\/wp\/v2\/product_brand?post=55636"},{"taxonomy":"product_cat","embeddable":true,"href":"https:\/\/emene.com\/fr\/wp-json\/wp\/v2\/product_cat?post=55636"},{"taxonomy":"product_tag","embeddable":true,"href":"https:\/\/emene.com\/fr\/wp-json\/wp\/v2\/product_tag?post=55636"}],"curies":[{"name":"wp","href":"https:\/\/api.w.org\/{rel}","templated":true}]}}