{"id":55639,"date":"2023-06-12T07:09:06","date_gmt":"2023-06-12T05:09:06","guid":{"rendered":"https:\/\/emene.nueva.avantarea.com\/?post_type=product&#038;p=55639"},"modified":"2026-02-24T15:51:58","modified_gmt":"2026-02-24T14:51:58","slug":"pack-biens-lavabo-porcelanico-suspendido-espejo-led-copia","status":"publish","type":"product","link":"https:\/\/emene.com\/fr\/producto\/pack-biens-lavabo-porcelanico-suspendido-espejo-led-copia\/","title":{"rendered":"Pack BIENS + lavabo suspendu en porcelaine + miroir LED"},"content":{"rendered":"<p>Ensemble de salle de bain compos\u00e9 d&rsquo;une vasque suspendue en mat\u00e9riau Xtone de Porcelanosa, d&rsquo;un meuble et d&rsquo;un miroir avec \u00e9clairage LED. Vasque suspendue fabriqu\u00e9e en mat\u00e9riau Xtone de Porcelanosa, un composite min\u00e9ral fritt\u00e9 issu d&rsquo;une s\u00e9lection de mati\u00e8res premi\u00e8res de la plus haute puret\u00e9, offrant une surface aux performances \u00e9lev\u00e9es. Meuble suspendu \u00e0 un tiroir fabriqu\u00e9 en panneau de particules finition bois stratifi\u00e9 de 19 mm avec micro-relief, dot\u00e9 d&rsquo;un tiroir \u00e0 extraction totale et d&rsquo;une fermeture douce. Comprend un miroir avec \u00e9clairage LED, IP65, 10,8 W, 1170lm et une temp\u00e9rature de lumi\u00e8re de 6000K. Le meuble est livr\u00e9 mont\u00e9, pr\u00eat \u00e0 \u00eatre fix\u00e9 au mur. Un kit de fixation pour le meuble est inclus. Robinet et siphon non inclus. Fabriqu\u00e9 en Espagne.<\/p>\n","protected":false},"excerpt":{"rendered":"<p>Ensemble de salle de bain compos\u00e9 d&rsquo;une vasque suspendue en mat\u00e9riau Xtone de Porcelanosa, d&rsquo;un meuble et d&rsquo;un miroir avec \u00e9clairage LED. Vasque suspendue fabriqu\u00e9e en mat\u00e9riau Xtone de Porcelanosa,&#8230;<\/p>\n","protected":false},"featured_media":632,"comment_status":"closed","ping_status":"closed","template":"","meta":[],"product_brand":[429],"product_cat":[390],"product_tag":[],"class_list":{"0":"post-55639","1":"product","2":"type-product","3":"status-publish","4":"has-post-thumbnail","6":"product_brand-biens","7":"product_cat-meubles-de-salle-de-bain","8":"pa_color-liem-black-blanc-mat","9":"pa_color-calacatta-gold-bardolino","10":"pa_color-calacatta-gold-blanco-mate","11":"pa_color-liem-black-azabache","12":"pa_tamano-131","13":"pa_tamano-132","14":"pa_tamano-130","16":"first","17":"instock","18":"purchasable","19":"product-type-variable"},"_links":{"self":[{"href":"https:\/\/emene.com\/fr\/wp-json\/wp\/v2\/product\/55639","targetHints":{"allow":["GET"]}}],"collection":[{"href":"https:\/\/emene.com\/fr\/wp-json\/wp\/v2\/product"}],"about":[{"href":"https:\/\/emene.com\/fr\/wp-json\/wp\/v2\/types\/product"}],"replies":[{"embeddable":true,"href":"https:\/\/emene.com\/fr\/wp-json\/wp\/v2\/comments?post=55639"}],"wp:featuredmedia":[{"embeddable":true,"href":"https:\/\/emene.com\/fr\/wp-json\/wp\/v2\/media\/632"}],"wp:attachment":[{"href":"https:\/\/emene.com\/fr\/wp-json\/wp\/v2\/media?parent=55639"}],"wp:term":[{"taxonomy":"product_brand","embeddable":true,"href":"https:\/\/emene.com\/fr\/wp-json\/wp\/v2\/product_brand?post=55639"},{"taxonomy":"product_cat","embeddable":true,"href":"https:\/\/emene.com\/fr\/wp-json\/wp\/v2\/product_cat?post=55639"},{"taxonomy":"product_tag","embeddable":true,"href":"https:\/\/emene.com\/fr\/wp-json\/wp\/v2\/product_tag?post=55639"}],"curies":[{"name":"wp","href":"https:\/\/api.w.org\/{rel}","templated":true}]}}