{"id":55652,"date":"2023-06-12T07:08:32","date_gmt":"2023-06-12T05:08:32","guid":{"rendered":"https:\/\/emene.nueva.avantarea.com\/?post_type=product&#038;p=55652"},"modified":"2026-02-24T15:52:04","modified_gmt":"2026-02-24T14:52:04","slug":"pack-mueble-de-bano-bielle-lavabo-espejo-led-copia","status":"publish","type":"product","link":"https:\/\/emene.com\/fr\/producto\/pack-mueble-de-bano-bielle-lavabo-espejo-led-copia\/","title":{"rendered":"Pack meuble de salle de bain BIELLE + lavabo + miroir LED"},"content":{"rendered":"<p>Ensemble de salle de bain compos\u00e9 d&rsquo;un meuble de salle de bain, d&rsquo;une vasque et d&rsquo;un miroir avec \u00e9clairage LED. Meuble sous-vasque suspendu fabriqu\u00e9 en panneau de particules m\u00e9lamin\u00e9 de 19 mm, compos\u00e9 d&rsquo;un tiroir \u00e0 fermeture douce, \u00e0 extraction totale et s&rsquo;ouvrant par une poign\u00e9e-porte-serviettes. Comprend une vasque en fibre blanc brillant. Comprend un miroir avec \u00e9clairage LED, IP65, 8,4W, 910lm et une temp\u00e9rature de lumi\u00e8re de 6000K. Le meuble est livr\u00e9 mont\u00e9, pr\u00eat \u00e0 \u00eatre fix\u00e9 au mur. Un kit de fixation pour le meuble est inclus. Robinet et siphon non inclus. Fabriqu\u00e9 en Espagne.<\/p>\n","protected":false},"excerpt":{"rendered":"<p>Ensemble de salle de bain compos\u00e9 d&rsquo;un meuble de salle de bain, d&rsquo;une vasque et d&rsquo;un miroir avec \u00e9clairage LED. Meuble sous-vasque suspendu fabriqu\u00e9 en panneau de particules m\u00e9lamin\u00e9 de&#8230;<\/p>\n","protected":false},"featured_media":16300,"comment_status":"closed","ping_status":"closed","template":"","meta":[],"product_brand":[428],"product_cat":[390],"product_tag":[],"class_list":{"0":"post-55652","1":"product","2":"type-product","3":"status-publish","4":"has-post-thumbnail","6":"product_brand-bielle","7":"product_cat-meubles-de-salle-de-bain","8":"pa_color-noyer-2","9":"pa_color-ombre-kubric-2","10":"pa_color-vert-argile-2","11":"pa_color-bardolino","12":"pa_color-azabache","13":"pa_tamano-571","14":"pa_tamano-131","15":"pa_tamano-130","17":"first","18":"instock","19":"purchasable","20":"product-type-variable"},"_links":{"self":[{"href":"https:\/\/emene.com\/fr\/wp-json\/wp\/v2\/product\/55652","targetHints":{"allow":["GET"]}}],"collection":[{"href":"https:\/\/emene.com\/fr\/wp-json\/wp\/v2\/product"}],"about":[{"href":"https:\/\/emene.com\/fr\/wp-json\/wp\/v2\/types\/product"}],"replies":[{"embeddable":true,"href":"https:\/\/emene.com\/fr\/wp-json\/wp\/v2\/comments?post=55652"}],"wp:featuredmedia":[{"embeddable":true,"href":"https:\/\/emene.com\/fr\/wp-json\/wp\/v2\/media\/16300"}],"wp:attachment":[{"href":"https:\/\/emene.com\/fr\/wp-json\/wp\/v2\/media?parent=55652"}],"wp:term":[{"taxonomy":"product_brand","embeddable":true,"href":"https:\/\/emene.com\/fr\/wp-json\/wp\/v2\/product_brand?post=55652"},{"taxonomy":"product_cat","embeddable":true,"href":"https:\/\/emene.com\/fr\/wp-json\/wp\/v2\/product_cat?post=55652"},{"taxonomy":"product_tag","embeddable":true,"href":"https:\/\/emene.com\/fr\/wp-json\/wp\/v2\/product_tag?post=55652"}],"curies":[{"name":"wp","href":"https:\/\/api.w.org\/{rel}","templated":true}]}}