{"id":55671,"date":"2023-06-12T07:08:01","date_gmt":"2023-06-12T05:08:01","guid":{"rendered":"https:\/\/emene.nueva.avantarea.com\/?post_type=product&#038;p=55671"},"modified":"2026-02-24T15:52:12","modified_gmt":"2026-02-24T14:52:12","slug":"pack-art-xtone-lavabo-espejo-led-copia","status":"publish","type":"product","link":"https:\/\/emene.com\/fr\/producto\/pack-art-xtone-lavabo-espejo-led-copia\/","title":{"rendered":"Pack ART Xtone + lavabo + miroir LED"},"content":{"rendered":"<p>Pack comprenant un meuble de salle de bain, une vasque et un miroir LED. Meuble sous-vasque suspendu fabriqu\u00e9 en panneau de particules de 19 mm avec rev\u00eatement m\u00e9lamin\u00e9. Dot\u00e9 d&rsquo;un tiroir m\u00e9tallique avec fermeture amortie, capacit\u00e9 de charge de 25 kg, accessibilit\u00e9 totale et espace arri\u00e8re disponible. Fa\u00e7ade du meuble d\u00e9cor\u00e9e avec le mat\u00e9riau Xtone de Porcelanosa, un compact min\u00e9ral fritt\u00e9 issu de la s\u00e9lection des mati\u00e8res premi\u00e8res les plus pures, offrant une surface aux performances \u00e9lev\u00e9es. Comprend une vasque \u00e0 poser en c\u00e9ramique. Comprend un miroir avec \u00e9clairage LED IP44, temp\u00e9rature de lumi\u00e8re 6000K. Le meuble est livr\u00e9 mont\u00e9, pr\u00eat \u00e0 \u00eatre fix\u00e9 au mur. Un kit de fixation pour le meuble est inclus. Robinet et siphon non inclus. Fabriqu\u00e9 en Espagne.<\/p>\n","protected":false},"excerpt":{"rendered":"<p>Pack comprenant un meuble de salle de bain, une vasque et un miroir LED. Meuble sous-vasque suspendu fabriqu\u00e9 en panneau de particules de 19 mm avec rev\u00eatement m\u00e9lamin\u00e9. Dot\u00e9 d&rsquo;un&#8230;<\/p>\n","protected":false},"featured_media":502,"comment_status":"closed","ping_status":"closed","template":"","meta":[],"product_brand":[427],"product_cat":[390],"product_tag":[],"class_list":{"0":"post-55671","1":"product","2":"type-product","3":"status-publish","4":"has-post-thumbnail","6":"product_brand-art","7":"product_cat-meubles-de-salle-de-bain","8":"pa_color-liem-black-blanc-mat","9":"pa_color-blanco","10":"pa_color-calacatta-gold-bardolino","11":"pa_color-calacatta-gold-blanco-mate","12":"pa_color-liem-noir-blanc-mat","13":"pa_color-liem-noir-chene-azabache","14":"pa_color-liem-noir-chene-jais-fr","15":"pa_color-liem-black-azabache","16":"pa_color-orobico-dark-blanco-mate","17":"pa_color-orobico-dark-azabache","18":"pa_color-paonazzo-biondo-blanco-mate","19":"pa_color-paonazzo-biondo-nogal","20":"pa_tamano-131","21":"pa_tamano-130","23":"first","24":"instock","25":"purchasable","26":"product-type-variable"},"_links":{"self":[{"href":"https:\/\/emene.com\/fr\/wp-json\/wp\/v2\/product\/55671","targetHints":{"allow":["GET"]}}],"collection":[{"href":"https:\/\/emene.com\/fr\/wp-json\/wp\/v2\/product"}],"about":[{"href":"https:\/\/emene.com\/fr\/wp-json\/wp\/v2\/types\/product"}],"replies":[{"embeddable":true,"href":"https:\/\/emene.com\/fr\/wp-json\/wp\/v2\/comments?post=55671"}],"wp:featuredmedia":[{"embeddable":true,"href":"https:\/\/emene.com\/fr\/wp-json\/wp\/v2\/media\/502"}],"wp:attachment":[{"href":"https:\/\/emene.com\/fr\/wp-json\/wp\/v2\/media?parent=55671"}],"wp:term":[{"taxonomy":"product_brand","embeddable":true,"href":"https:\/\/emene.com\/fr\/wp-json\/wp\/v2\/product_brand?post=55671"},{"taxonomy":"product_cat","embeddable":true,"href":"https:\/\/emene.com\/fr\/wp-json\/wp\/v2\/product_cat?post=55671"},{"taxonomy":"product_tag","embeddable":true,"href":"https:\/\/emene.com\/fr\/wp-json\/wp\/v2\/product_tag?post=55671"}],"curies":[{"name":"wp","href":"https:\/\/api.w.org\/{rel}","templated":true}]}}