{"id":55689,"date":"2023-06-12T07:07:30","date_gmt":"2023-06-12T05:07:30","guid":{"rendered":"https:\/\/emene.nueva.avantarea.com\/?post_type=product&#038;p=55689"},"modified":"2026-03-11T09:09:19","modified_gmt":"2026-03-11T08:09:19","slug":"complemento-apui-copia","status":"publish","type":"product","link":"https:\/\/emene.com\/fr\/producto\/complemento-apui-copia\/","title":{"rendered":"Compl\u00e9ment APUI"},"content":{"rendered":"<p>Meuble d&rsquo;appoint de salle de bain avec porte-serviettes, parfait pour compl\u00e9ter votre am\u00e9nagement et augmenter l&rsquo;espace de rangement. Fabriqu\u00e9 en mat\u00e9riau stratifi\u00e9 de 19 mm. \u00c9tag\u00e8res int\u00e9rieures incluses. Porte-serviettes en aluminium avec finition noir mat. Supports muraux capables de supporter jusqu&rsquo;\u00e0 65 Kg par support. Chants en PVC de 1 mm. Fabriqu\u00e9 en Espagne.<\/p>\n","protected":false},"excerpt":{"rendered":"<p>Meuble d&rsquo;appoint de salle de bain avec porte-serviettes, parfait pour compl\u00e9ter votre am\u00e9nagement et augmenter l&rsquo;espace de rangement. Fabriqu\u00e9 en mat\u00e9riau stratifi\u00e9 de 19 mm. \u00c9tag\u00e8res int\u00e9rieures incluses. Porte-serviettes en&#8230;<\/p>\n","protected":false},"featured_media":465,"comment_status":"closed","ping_status":"closed","template":"","meta":[],"product_brand":[426],"product_cat":[390],"product_tag":[],"class_list":{"0":"post-55689","1":"product","2":"type-product","3":"status-publish","4":"has-post-thumbnail","6":"product_brand-apui","7":"product_cat-meubles-de-salle-de-bain","8":"pa_color-bardolino-alcatraz","9":"pa_color-blanc-alcatraz","10":"pa_color-liem-black-roble-azabache","11":"pa_color-noyer-2","12":"pa_color-ombre-kubric-2","13":"pa_color-vert-argile-2","14":"pa_color-bardolino","15":"pa_color-blanco","16":"pa_color-azabache","17":"pa_tamano-552","18":"pa_tamano-553","19":"pa_tamano-138","21":"first","22":"instock","23":"purchasable","24":"product-type-variable"},"_links":{"self":[{"href":"https:\/\/emene.com\/fr\/wp-json\/wp\/v2\/product\/55689","targetHints":{"allow":["GET"]}}],"collection":[{"href":"https:\/\/emene.com\/fr\/wp-json\/wp\/v2\/product"}],"about":[{"href":"https:\/\/emene.com\/fr\/wp-json\/wp\/v2\/types\/product"}],"replies":[{"embeddable":true,"href":"https:\/\/emene.com\/fr\/wp-json\/wp\/v2\/comments?post=55689"}],"wp:featuredmedia":[{"embeddable":true,"href":"https:\/\/emene.com\/fr\/wp-json\/wp\/v2\/media\/465"}],"wp:attachment":[{"href":"https:\/\/emene.com\/fr\/wp-json\/wp\/v2\/media?parent=55689"}],"wp:term":[{"taxonomy":"product_brand","embeddable":true,"href":"https:\/\/emene.com\/fr\/wp-json\/wp\/v2\/product_brand?post=55689"},{"taxonomy":"product_cat","embeddable":true,"href":"https:\/\/emene.com\/fr\/wp-json\/wp\/v2\/product_cat?post=55689"},{"taxonomy":"product_tag","embeddable":true,"href":"https:\/\/emene.com\/fr\/wp-json\/wp\/v2\/product_tag?post=55689"}],"curies":[{"name":"wp","href":"https:\/\/api.w.org\/{rel}","templated":true}]}}