{"id":55720,"date":"2023-06-12T07:06:30","date_gmt":"2023-06-12T05:06:30","guid":{"rendered":"https:\/\/emene.nueva.avantarea.com\/?post_type=product&#038;p=55720"},"modified":"2026-02-24T15:52:32","modified_gmt":"2026-02-24T14:52:32","slug":"pack-accesorios-set-organizador-cosmeticos-bandeja-multifuncion-caja-almacenaje-copia","status":"publish","type":"product","link":"https:\/\/emene.com\/fr\/producto\/pack-accesorios-set-organizador-cosmeticos-bandeja-multifuncion-caja-almacenaje-copia\/","title":{"rendered":"Pack d&rsquo;accessoires SET organisateur de cosm\u00e9tiques + plateau multifonction + bo\u00eete de rangement"},"content":{"rendered":"<p>Set organisateur pour tiroirs compos\u00e9 d&rsquo;un plateau \u00e9quip\u00e9 d&rsquo;un support pour cosm\u00e9tiques, d&rsquo;un plateau multifonction et d&rsquo;une bo\u00eete de rangement.<\/p>\n","protected":false},"excerpt":{"rendered":"<p>Set organisateur pour tiroirs compos\u00e9 d&rsquo;un plateau \u00e9quip\u00e9 d&rsquo;un support pour cosm\u00e9tiques, d&rsquo;un plateau multifonction et d&rsquo;une bo\u00eete de rangement.<\/p>\n","protected":false},"featured_media":399,"comment_status":"closed","ping_status":"open","template":"","meta":[],"product_brand":[424],"product_cat":[390,26],"product_tag":[],"class_list":{"0":"post-55720","1":"product","2":"type-product","3":"status-publish","4":"has-post-thumbnail","6":"product_brand-accesorios","7":"product_cat-meubles-de-salle-de-bain","8":"product_cat-muebles-de-bano","10":"first","11":"instock","12":"purchasable","13":"product-type-simple"},"_links":{"self":[{"href":"https:\/\/emene.com\/fr\/wp-json\/wp\/v2\/product\/55720","targetHints":{"allow":["GET"]}}],"collection":[{"href":"https:\/\/emene.com\/fr\/wp-json\/wp\/v2\/product"}],"about":[{"href":"https:\/\/emene.com\/fr\/wp-json\/wp\/v2\/types\/product"}],"replies":[{"embeddable":true,"href":"https:\/\/emene.com\/fr\/wp-json\/wp\/v2\/comments?post=55720"}],"wp:featuredmedia":[{"embeddable":true,"href":"https:\/\/emene.com\/fr\/wp-json\/wp\/v2\/media\/399"}],"wp:attachment":[{"href":"https:\/\/emene.com\/fr\/wp-json\/wp\/v2\/media?parent=55720"}],"wp:term":[{"taxonomy":"product_brand","embeddable":true,"href":"https:\/\/emene.com\/fr\/wp-json\/wp\/v2\/product_brand?post=55720"},{"taxonomy":"product_cat","embeddable":true,"href":"https:\/\/emene.com\/fr\/wp-json\/wp\/v2\/product_cat?post=55720"},{"taxonomy":"product_tag","embeddable":true,"href":"https:\/\/emene.com\/fr\/wp-json\/wp\/v2\/product_tag?post=55720"}],"curies":[{"name":"wp","href":"https:\/\/api.w.org\/{rel}","templated":true}]}}