{"id":55722,"date":"2023-06-12T07:06:30","date_gmt":"2023-06-12T05:06:30","guid":{"rendered":"https:\/\/emene.nueva.avantarea.com\/?post_type=product&#038;p=55722"},"modified":"2026-02-24T15:30:12","modified_gmt":"2026-02-24T14:30:12","slug":"pack-accesorios-set-3-cajas-organizadoras-copia","status":"publish","type":"product","link":"https:\/\/emene.com\/fr\/producto\/pack-accesorios-set-3-cajas-organizadoras-copia\/","title":{"rendered":"Pack accessoires SET 3 bo\u00eetes de rangement"},"content":{"rendered":"<p>Set organisateur pour tiroirs compos\u00e9 d&rsquo;un plateau lat\u00e9ral et de 3 bo\u00eetes avec couvercle.<\/p>\n","protected":false},"excerpt":{"rendered":"<p>Set organisateur pour tiroirs compos\u00e9 d&rsquo;un plateau lat\u00e9ral et de 3 bo\u00eetes avec couvercle.<\/p>\n","protected":false},"featured_media":385,"comment_status":"closed","ping_status":"open","template":"","meta":[],"product_brand":[424],"product_cat":[390,26],"product_tag":[],"class_list":{"0":"post-55722","1":"product","2":"type-product","3":"status-publish","4":"has-post-thumbnail","6":"product_brand-accesorios","7":"product_cat-meubles-de-salle-de-bain","8":"product_cat-muebles-de-bano","10":"first","11":"instock","12":"purchasable","13":"product-type-simple"},"_links":{"self":[{"href":"https:\/\/emene.com\/fr\/wp-json\/wp\/v2\/product\/55722","targetHints":{"allow":["GET"]}}],"collection":[{"href":"https:\/\/emene.com\/fr\/wp-json\/wp\/v2\/product"}],"about":[{"href":"https:\/\/emene.com\/fr\/wp-json\/wp\/v2\/types\/product"}],"replies":[{"embeddable":true,"href":"https:\/\/emene.com\/fr\/wp-json\/wp\/v2\/comments?post=55722"}],"wp:featuredmedia":[{"embeddable":true,"href":"https:\/\/emene.com\/fr\/wp-json\/wp\/v2\/media\/385"}],"wp:attachment":[{"href":"https:\/\/emene.com\/fr\/wp-json\/wp\/v2\/media?parent=55722"}],"wp:term":[{"taxonomy":"product_brand","embeddable":true,"href":"https:\/\/emene.com\/fr\/wp-json\/wp\/v2\/product_brand?post=55722"},{"taxonomy":"product_cat","embeddable":true,"href":"https:\/\/emene.com\/fr\/wp-json\/wp\/v2\/product_cat?post=55722"},{"taxonomy":"product_tag","embeddable":true,"href":"https:\/\/emene.com\/fr\/wp-json\/wp\/v2\/product_tag?post=55722"}],"curies":[{"name":"wp","href":"https:\/\/api.w.org\/{rel}","templated":true}]}}