{"id":55729,"date":"2023-06-12T07:05:58","date_gmt":"2023-06-12T05:05:58","guid":{"rendered":"https:\/\/emene.nueva.avantarea.com\/?post_type=product&#038;p=55729"},"modified":"2026-02-24T15:52:35","modified_gmt":"2026-02-24T14:52:35","slug":"toallero-repisa-55-cm-copia","status":"publish","type":"product","link":"https:\/\/emene.com\/fr\/producto\/toallero-repisa-55-cm-copia\/","title":{"rendered":"\u00c9tag\u00e8re porte-serviettes 55 cm"},"content":{"rendered":"<p>Porte-serviettes \u00e9tag\u00e8re 55 cm, couleur Inox satin\u00e9, finition Inox 304. Type de fixation : \u00e0 visser.<\/p>\n","protected":false},"excerpt":{"rendered":"<p>Porte-serviettes \u00e9tag\u00e8re 55 cm, couleur Inox satin\u00e9, finition Inox 304. Type de fixation : \u00e0 visser.<\/p>\n","protected":false},"featured_media":354,"comment_status":"closed","ping_status":"open","template":"","meta":[],"product_brand":[424],"product_cat":[390,26],"product_tag":[],"class_list":{"0":"post-55729","1":"product","2":"type-product","3":"status-publish","4":"has-post-thumbnail","6":"product_brand-accesorios","7":"product_cat-meubles-de-salle-de-bain","8":"product_cat-muebles-de-bano","10":"first","11":"instock","12":"purchasable","13":"product-type-simple"},"_links":{"self":[{"href":"https:\/\/emene.com\/fr\/wp-json\/wp\/v2\/product\/55729","targetHints":{"allow":["GET"]}}],"collection":[{"href":"https:\/\/emene.com\/fr\/wp-json\/wp\/v2\/product"}],"about":[{"href":"https:\/\/emene.com\/fr\/wp-json\/wp\/v2\/types\/product"}],"replies":[{"embeddable":true,"href":"https:\/\/emene.com\/fr\/wp-json\/wp\/v2\/comments?post=55729"}],"wp:featuredmedia":[{"embeddable":true,"href":"https:\/\/emene.com\/fr\/wp-json\/wp\/v2\/media\/354"}],"wp:attachment":[{"href":"https:\/\/emene.com\/fr\/wp-json\/wp\/v2\/media?parent=55729"}],"wp:term":[{"taxonomy":"product_brand","embeddable":true,"href":"https:\/\/emene.com\/fr\/wp-json\/wp\/v2\/product_brand?post=55729"},{"taxonomy":"product_cat","embeddable":true,"href":"https:\/\/emene.com\/fr\/wp-json\/wp\/v2\/product_cat?post=55729"},{"taxonomy":"product_tag","embeddable":true,"href":"https:\/\/emene.com\/fr\/wp-json\/wp\/v2\/product_tag?post=55729"}],"curies":[{"name":"wp","href":"https:\/\/api.w.org\/{rel}","templated":true}]}}