{"id":55755,"date":"2023-06-12T07:04:06","date_gmt":"2023-06-12T05:04:06","guid":{"rendered":"https:\/\/emene.nueva.avantarea.com\/?post_type=product&#038;p=55755"},"modified":"2026-02-24T15:52:46","modified_gmt":"2026-02-24T14:52:46","slug":"percha-doble-kara-negro-mate-95cm-copia","status":"publish","type":"product","link":"https:\/\/emene.com\/fr\/producto\/percha-doble-kara-negro-mate-95cm-copia\/","title":{"rendered":"Pat\u00e8re double KARA noir mat 9,5cm"},"content":{"rendered":"<p>Pat\u00e8re double KARAAnneau porte-serviette KARA, couleur noir, finition mate. Type de fixation : \u00e0 visser.<\/p>\n","protected":false},"excerpt":{"rendered":"<p>Pat\u00e8re double KARAAnneau porte-serviette KARA, couleur noir, finition mate. Type de fixation : \u00e0 visser.<\/p>\n","protected":false},"featured_media":212,"comment_status":"closed","ping_status":"open","template":"","meta":[],"product_brand":[424],"product_cat":[390,26],"product_tag":[],"class_list":{"0":"post-55755","1":"product","2":"type-product","3":"status-publish","4":"has-post-thumbnail","6":"product_brand-accesorios","7":"product_cat-meubles-de-salle-de-bain","8":"product_cat-muebles-de-bano","10":"first","11":"instock","12":"purchasable","13":"product-type-simple"},"_links":{"self":[{"href":"https:\/\/emene.com\/fr\/wp-json\/wp\/v2\/product\/55755","targetHints":{"allow":["GET"]}}],"collection":[{"href":"https:\/\/emene.com\/fr\/wp-json\/wp\/v2\/product"}],"about":[{"href":"https:\/\/emene.com\/fr\/wp-json\/wp\/v2\/types\/product"}],"replies":[{"embeddable":true,"href":"https:\/\/emene.com\/fr\/wp-json\/wp\/v2\/comments?post=55755"}],"wp:featuredmedia":[{"embeddable":true,"href":"https:\/\/emene.com\/fr\/wp-json\/wp\/v2\/media\/212"}],"wp:attachment":[{"href":"https:\/\/emene.com\/fr\/wp-json\/wp\/v2\/media?parent=55755"}],"wp:term":[{"taxonomy":"product_brand","embeddable":true,"href":"https:\/\/emene.com\/fr\/wp-json\/wp\/v2\/product_brand?post=55755"},{"taxonomy":"product_cat","embeddable":true,"href":"https:\/\/emene.com\/fr\/wp-json\/wp\/v2\/product_cat?post=55755"},{"taxonomy":"product_tag","embeddable":true,"href":"https:\/\/emene.com\/fr\/wp-json\/wp\/v2\/product_tag?post=55755"}],"curies":[{"name":"wp","href":"https:\/\/api.w.org\/{rel}","templated":true}]}}