{"id":56794,"date":"2026-02-23T14:46:58","date_gmt":"2026-02-23T13:46:58","guid":{"rendered":"https:\/\/emene.nueva.avantarea.com\/producto\/pack-horizon-vasque-xtone-miroir-rond\/"},"modified":"2026-02-24T16:10:19","modified_gmt":"2026-02-24T15:10:19","slug":"pack-horizon-vasque-xtone-miroir-rond","status":"publish","type":"product","link":"https:\/\/emene.com\/fr\/producto\/pack-horizon-vasque-xtone-miroir-rond\/","title":{"rendered":"Pack HORIZON + Vasque Xtone + Miroir rond"},"content":{"rendered":"<p>Ensemble de salle de bains comprenant un lavabo suspendu en mat\u00e9riau Xtone de Porcelanosa, un meuble vasque et un miroir rond. Le lavabo suspendu est fabriqu\u00e9 en Xtone de Porcelanosa, un mat\u00e9riau min\u00e9ral fritt\u00e9 compact issu de mati\u00e8res premi\u00e8res de haute puret\u00e9, offrant une surface haute performance. Le meuble vasque se compose de deux modules de deux tiroirs ind\u00e9pendants chacun, modulables selon vos envies pour s&rsquo;adapter \u00e0 diff\u00e9rents espaces. Les fa\u00e7ades des tiroirs sont en m\u00e9lamine \u00e0 effet lamell\u00e9 et finition lisse. Le meuble vasque est r\u00e9alis\u00e9 en panneaux de particules de 19 mm avec rev\u00eatement m\u00e9lamin\u00e9 et des caract\u00e9ristiques de surface optimales\u00a0; il est \u00e9cologique et recyclable. Il est \u00e9quip\u00e9 de crochets avec syst\u00e8me anti-affaissement. Le tiroir m\u00e9tallique \u00e0 double paroi pr\u00e9sente une esth\u00e9tique minimaliste, avec des nervures fines et des lignes droites, un m\u00e9canisme de fermeture amortie, une capacit\u00e9 de charge de 25 kg, une accessibilit\u00e9 totale et un grand espace de rangement. Le meuble vasque est livr\u00e9 assembl\u00e9 et pr\u00eat \u00e0 \u00eatre fix\u00e9 au mur. Un kit de fixation est inclus. Robinetterie, miroir et bonde non inclus. Fabriqu\u00e9 en Espagne.<br \/>\nToutes les commandes sont exp\u00e9di\u00e9es dans un seul colis contenant tous les composants, vous garantissant ainsi une livraison rapide et compl\u00e8te de votre produit.<br \/>\nNotre production r\u00e9pond aux normes de qualit\u00e9 les plus exigeantes, attest\u00e9es par la certification ISO 9001 de Bureau Veritas.<br \/>\nDe plus, nous avons \u00e0 c\u0153ur la protection de l&rsquo;environnement\u00a0: tous nos produits sont certifi\u00e9s FSC\u00ae et PEFC\u2122, garantissant une gestion durable des for\u00eats et un avenir plus vert.<\/p>\n","protected":false},"excerpt":{"rendered":"<p>Ensemble de salle de bains comprenant un lavabo suspendu en mat\u00e9riau Xtone de Porcelanosa, un meuble vasque et un miroir rond. Le lavabo suspendu est fabriqu\u00e9 en Xtone de Porcelanosa,&#8230;<\/p>\n","protected":false},"featured_media":56908,"comment_status":"open","ping_status":"closed","template":"","meta":[],"product_brand":[535],"product_cat":[536],"product_tag":[],"class_list":{"0":"post-56794","1":"product","2":"type-product","3":"status-publish","4":"has-post-thumbnail","6":"product_brand-horizon","7":"product_cat-meuble-de-salle-de-bain","9":"first","10":"instock","11":"shipping-taxable","12":"purchasable","13":"product-type-variable"},"_links":{"self":[{"href":"https:\/\/emene.com\/fr\/wp-json\/wp\/v2\/product\/56794","targetHints":{"allow":["GET"]}}],"collection":[{"href":"https:\/\/emene.com\/fr\/wp-json\/wp\/v2\/product"}],"about":[{"href":"https:\/\/emene.com\/fr\/wp-json\/wp\/v2\/types\/product"}],"replies":[{"embeddable":true,"href":"https:\/\/emene.com\/fr\/wp-json\/wp\/v2\/comments?post=56794"}],"wp:featuredmedia":[{"embeddable":true,"href":"https:\/\/emene.com\/fr\/wp-json\/wp\/v2\/media\/56908"}],"wp:attachment":[{"href":"https:\/\/emene.com\/fr\/wp-json\/wp\/v2\/media?parent=56794"}],"wp:term":[{"taxonomy":"product_brand","embeddable":true,"href":"https:\/\/emene.com\/fr\/wp-json\/wp\/v2\/product_brand?post=56794"},{"taxonomy":"product_cat","embeddable":true,"href":"https:\/\/emene.com\/fr\/wp-json\/wp\/v2\/product_cat?post=56794"},{"taxonomy":"product_tag","embeddable":true,"href":"https:\/\/emene.com\/fr\/wp-json\/wp\/v2\/product_tag?post=56794"}],"curies":[{"name":"wp","href":"https:\/\/api.w.org\/{rel}","templated":true}]}}