{"id":56811,"date":"2026-02-23T14:47:03","date_gmt":"2026-02-23T13:47:03","guid":{"rendered":"https:\/\/emene.nueva.avantarea.com\/producto\/pack-cubique-luxe-lavabo-miroir-applique-led\/"},"modified":"2026-02-24T16:10:20","modified_gmt":"2026-02-24T15:10:20","slug":"pack-cubique-luxe-lavabo-miroir-applique-led","status":"publish","type":"product","link":"https:\/\/emene.com\/fr\/producto\/pack-cubique-luxe-lavabo-miroir-applique-led\/","title":{"rendered":"Pack CUBIQUE LUXE + lavabo + miroir + applique LED"},"content":{"rendered":"<p>Ensemble de salle de bain comprenant un meuble-lavabo, une vasque et un miroir. Le meuble-lavabo est dot\u00e9 d&rsquo;une porte unique avec fa\u00e7ade en porcelaine Xtone, un compact min\u00e9ral fritt\u00e9 issu de mati\u00e8res premi\u00e8res de haute qualit\u00e9, offrant une surface haute performance. Ce meuble-lavabo suspendu est fabriqu\u00e9 en panneaux de particules stratifi\u00e9s de 19 mm et comprend une porte et un plan de travail du m\u00eame mat\u00e9riau. Une vasque en c\u00e9ramique blanche brillante est incluse. Un miroir simple et un luminaire LED noir mat sont \u00e9galement fournis. Le meuble-lavabo est livr\u00e9 enti\u00e8rement assembl\u00e9 et pr\u00eat \u00e0 \u00eatre fix\u00e9 au mur. Un kit de fixation est inclus. Robinetterie et bonde non incluses. Fabriqu\u00e9 en Espagne.<\/p>\n<p>Toutes les commandes sont exp\u00e9di\u00e9es dans un seul colis contenant tous les composants, vous assurant ainsi une r\u00e9ception rapide de votre produit complet. Notre production respecte les normes de qualit\u00e9 les plus strictes, certifi\u00e9es ISO 9001 par Bureau Veritas. De plus, nous sommes engag\u00e9s en faveur de l&rsquo;environnement\u00a0: tous nos produits sont certifi\u00e9s FSC\u00ae et PEFC\u2122, garantissant une gestion durable des for\u00eats et un avenir plus vert.<\/p>\n","protected":false},"excerpt":{"rendered":"<p>Ensemble de salle de bain comprenant un meuble-lavabo, une vasque et un miroir. Le meuble-lavabo est dot\u00e9 d&rsquo;une porte unique avec fa\u00e7ade en porcelaine Xtone, un compact min\u00e9ral fritt\u00e9 issu&#8230;<\/p>\n","protected":false},"featured_media":57004,"comment_status":"open","ping_status":"closed","template":"","meta":[],"product_brand":[537],"product_cat":[536],"product_tag":[],"class_list":{"0":"post-56811","1":"product","2":"type-product","3":"status-publish","4":"has-post-thumbnail","6":"product_brand-cubique-luxe","7":"product_cat-meuble-de-salle-de-bain","9":"first","10":"instock","11":"shipping-taxable","12":"purchasable","13":"product-type-variable"},"_links":{"self":[{"href":"https:\/\/emene.com\/fr\/wp-json\/wp\/v2\/product\/56811","targetHints":{"allow":["GET"]}}],"collection":[{"href":"https:\/\/emene.com\/fr\/wp-json\/wp\/v2\/product"}],"about":[{"href":"https:\/\/emene.com\/fr\/wp-json\/wp\/v2\/types\/product"}],"replies":[{"embeddable":true,"href":"https:\/\/emene.com\/fr\/wp-json\/wp\/v2\/comments?post=56811"}],"wp:featuredmedia":[{"embeddable":true,"href":"https:\/\/emene.com\/fr\/wp-json\/wp\/v2\/media\/57004"}],"wp:attachment":[{"href":"https:\/\/emene.com\/fr\/wp-json\/wp\/v2\/media?parent=56811"}],"wp:term":[{"taxonomy":"product_brand","embeddable":true,"href":"https:\/\/emene.com\/fr\/wp-json\/wp\/v2\/product_brand?post=56811"},{"taxonomy":"product_cat","embeddable":true,"href":"https:\/\/emene.com\/fr\/wp-json\/wp\/v2\/product_cat?post=56811"},{"taxonomy":"product_tag","embeddable":true,"href":"https:\/\/emene.com\/fr\/wp-json\/wp\/v2\/product_tag?post=56811"}],"curies":[{"name":"wp","href":"https:\/\/api.w.org\/{rel}","templated":true}]}}