{"id":56825,"date":"2026-02-23T14:47:06","date_gmt":"2026-02-23T13:47:06","guid":{"rendered":"https:\/\/emene.nueva.avantarea.com\/producto\/pack-arche-lavabo-miroir-capsule\/"},"modified":"2026-02-24T16:10:21","modified_gmt":"2026-02-24T15:10:21","slug":"pack-arche-lavabo-miroir-capsule","status":"publish","type":"product","link":"https:\/\/emene.com\/fr\/producto\/pack-arche-lavabo-miroir-capsule\/","title":{"rendered":"Pack ARCHE + lavabo + miroir capsule"},"content":{"rendered":"<p>Ensemble de salle de bain comprenant un meuble vasque, un lavabo et un miroir. Le meuble vasque est dot\u00e9 d&rsquo;une porte. Sa fa\u00e7ade est en porcelaine Xtone, un compact min\u00e9ral fritt\u00e9, \u00e9labor\u00e9 \u00e0 partir de mati\u00e8res premi\u00e8res de la plus haute qualit\u00e9, offrant ainsi une surface haute performance. Le meuble vasque suspendu est fabriqu\u00e9 en panneaux de particules m\u00e9lamin\u00e9s de 19 mm et comprend une porte et un plan de travail du m\u00eame mat\u00e9riau. Un lavabo en c\u00e9ramique blanche brillante et un miroir de style capsule sont inclus. L&rsquo;ensemble est livr\u00e9 enti\u00e8rement assembl\u00e9 et pr\u00eat \u00e0 \u00eatre fix\u00e9 au mur. Un kit de fixation est fourni. Robinetterie et bonde non incluses. Fabriqu\u00e9 en Espagne.<\/p>\n<p>Toutes les commandes sont exp\u00e9di\u00e9es dans un seul colis contenant tous les composants, vous assurant ainsi une r\u00e9ception rapide de votre produit complet. Notre production respecte les normes de qualit\u00e9 les plus strictes, attest\u00e9es par la certification ISO 9001 de Bureau Veritas. De plus, nous sommes engag\u00e9s en faveur de la responsabilit\u00e9 environnementale\u00a0: tous nos produits sont certifi\u00e9s FSC\u00ae et PEFC\u2122, garantissant une gestion durable des for\u00eats et un avenir plus vert.<\/p>\n","protected":false},"excerpt":{"rendered":"<p>Ensemble de salle de bain comprenant un meuble vasque, un lavabo et un miroir. Le meuble vasque est dot\u00e9 d&rsquo;une porte. Sa fa\u00e7ade est en porcelaine Xtone, un compact min\u00e9ral&#8230;<\/p>\n","protected":false},"featured_media":57066,"comment_status":"open","ping_status":"closed","template":"","meta":[],"product_brand":[538],"product_cat":[536],"product_tag":[],"class_list":{"0":"post-56825","1":"product","2":"type-product","3":"status-publish","4":"has-post-thumbnail","6":"product_brand-arche","7":"product_cat-meuble-de-salle-de-bain","9":"first","10":"instock","11":"shipping-taxable","12":"purchasable","13":"product-type-variable"},"_links":{"self":[{"href":"https:\/\/emene.com\/fr\/wp-json\/wp\/v2\/product\/56825","targetHints":{"allow":["GET"]}}],"collection":[{"href":"https:\/\/emene.com\/fr\/wp-json\/wp\/v2\/product"}],"about":[{"href":"https:\/\/emene.com\/fr\/wp-json\/wp\/v2\/types\/product"}],"replies":[{"embeddable":true,"href":"https:\/\/emene.com\/fr\/wp-json\/wp\/v2\/comments?post=56825"}],"wp:featuredmedia":[{"embeddable":true,"href":"https:\/\/emene.com\/fr\/wp-json\/wp\/v2\/media\/57066"}],"wp:attachment":[{"href":"https:\/\/emene.com\/fr\/wp-json\/wp\/v2\/media?parent=56825"}],"wp:term":[{"taxonomy":"product_brand","embeddable":true,"href":"https:\/\/emene.com\/fr\/wp-json\/wp\/v2\/product_brand?post=56825"},{"taxonomy":"product_cat","embeddable":true,"href":"https:\/\/emene.com\/fr\/wp-json\/wp\/v2\/product_cat?post=56825"},{"taxonomy":"product_tag","embeddable":true,"href":"https:\/\/emene.com\/fr\/wp-json\/wp\/v2\/product_tag?post=56825"}],"curies":[{"name":"wp","href":"https:\/\/api.w.org\/{rel}","templated":true}]}}