{"id":57283,"date":"2026-02-24T16:10:21","date_gmt":"2026-02-24T15:10:21","guid":{"rendered":"https:\/\/emene.nueva.avantarea.com\/producto\/pack-new-biens-vasque-xtone-miroir-led\/"},"modified":"2026-02-24T16:10:25","modified_gmt":"2026-02-24T15:10:25","slug":"pack-new-biens-vasque-xtone-miroir-led","status":"publish","type":"product","link":"https:\/\/emene.com\/fr\/producto\/pack-new-biens-vasque-xtone-miroir-led\/","title":{"rendered":"Pack NEW BIENS + Vasque Xtone + Miroir LED"},"content":{"rendered":"<p>Ensemble de salle de bains comprenant un lavabo suspendu en mat\u00e9riau Xtone de Porcelanosa, un meuble vasque et un miroir avec \u00e9clairage LED. Le lavabo suspendu est fabriqu\u00e9 en Xtone de Porcelanosa, un mat\u00e9riau min\u00e9ral fritt\u00e9 compact issu de mati\u00e8res premi\u00e8res de la plus haute qualit\u00e9, offrant une surface haute performance. Le meuble vasque suspendu est dot\u00e9 d&rsquo;un tiroir en panneau de particules de 19 mm d&rsquo;\u00e9paisseur, finition bois stratifi\u00e9 et texture micro-relief. Le tiroir est enti\u00e8rement extensible et \u00e9quip\u00e9 d&rsquo;un syst\u00e8me de fermeture amortie. Le miroir int\u00e8gre un \u00e9clairage LED (IP65, 10,8 W, 1170 lm, 6000 K). Le meuble vasque est livr\u00e9 pr\u00e9-assembl\u00e9 et pr\u00eat \u00e0 \u00eatre fix\u00e9 au mur. Un kit de fixation est inclus. Robinetterie et bonde non incluses. Fabriqu\u00e9 en Espagne.<\/p>\n<p>Toutes les commandes sont exp\u00e9di\u00e9es dans un seul colis contenant tous les composants, vous garantissant une r\u00e9ception rapide de votre produit complet. Notre production r\u00e9pond aux normes de qualit\u00e9 les plus exigeantes, attest\u00e9es par la certification ISO 9001 de Bureau Veritas. De plus, nous sommes attach\u00e9s \u00e0 la responsabilit\u00e9 environnementale\u00a0: tous nos produits sont fabriqu\u00e9s avec les labels FSC\u00ae et PEFC\u2122 qui garantissent des for\u00eats g\u00e9r\u00e9es durablement et un avenir plus vert.<\/p>\n","protected":false},"excerpt":{"rendered":"<p>Ensemble de salle de bains comprenant un lavabo suspendu en mat\u00e9riau Xtone de Porcelanosa, un meuble vasque et un miroir avec \u00e9clairage LED. Le lavabo suspendu est fabriqu\u00e9 en Xtone&#8230;<\/p>\n","protected":false},"featured_media":57218,"comment_status":"open","ping_status":"closed","template":"","meta":[],"product_brand":[539],"product_cat":[536],"product_tag":[],"class_list":{"0":"post-57283","1":"product","2":"type-product","3":"status-publish","4":"has-post-thumbnail","6":"product_brand-new-biens","7":"product_cat-meuble-de-salle-de-bain","9":"first","10":"instock","11":"shipping-taxable","12":"purchasable","13":"product-type-variable"},"_links":{"self":[{"href":"https:\/\/emene.com\/fr\/wp-json\/wp\/v2\/product\/57283","targetHints":{"allow":["GET"]}}],"collection":[{"href":"https:\/\/emene.com\/fr\/wp-json\/wp\/v2\/product"}],"about":[{"href":"https:\/\/emene.com\/fr\/wp-json\/wp\/v2\/types\/product"}],"replies":[{"embeddable":true,"href":"https:\/\/emene.com\/fr\/wp-json\/wp\/v2\/comments?post=57283"}],"wp:featuredmedia":[{"embeddable":true,"href":"https:\/\/emene.com\/fr\/wp-json\/wp\/v2\/media\/57218"}],"wp:attachment":[{"href":"https:\/\/emene.com\/fr\/wp-json\/wp\/v2\/media?parent=57283"}],"wp:term":[{"taxonomy":"product_brand","embeddable":true,"href":"https:\/\/emene.com\/fr\/wp-json\/wp\/v2\/product_brand?post=57283"},{"taxonomy":"product_cat","embeddable":true,"href":"https:\/\/emene.com\/fr\/wp-json\/wp\/v2\/product_cat?post=57283"},{"taxonomy":"product_tag","embeddable":true,"href":"https:\/\/emene.com\/fr\/wp-json\/wp\/v2\/product_tag?post=57283"}],"curies":[{"name":"wp","href":"https:\/\/api.w.org\/{rel}","templated":true}]}}