{"id":57370,"date":"2026-02-26T23:52:36","date_gmt":"2026-02-26T22:52:36","guid":{"rendered":"https:\/\/emene.com\/producto\/ensemble-meuble-lavabo-anneau-avec-vasque-et-miroir-circulaire-led\/"},"modified":"2026-02-26T23:52:40","modified_gmt":"2026-02-26T22:52:40","slug":"ensemble-meuble-lavabo-anneau-avec-vasque-et-miroir-circulaire-led","status":"publish","type":"product","link":"https:\/\/emene.com\/fr\/producto\/ensemble-meuble-lavabo-anneau-avec-vasque-et-miroir-circulaire-led\/","title":{"rendered":"Ensemble meuble-lavabo ANNEAU avec vasque et miroir circulaire LED"},"content":{"rendered":"<p>Ensemble de salle de bains comprenant un meuble vasque, un lavabo et un miroir avec \u00e9clairage LED. Le meuble vasque suspendu est fabriqu\u00e9 en panneaux de particules m\u00e9lamin\u00e9s de 19 mm et est dot\u00e9 de deux portes \u00e0 fermeture amortie avec charni\u00e8res r\u00e9glables. Les portes sont grav\u00e9es au laser. Les pieds d\u00e9coratifs pr\u00e9sentent une finition noir mat. L&rsquo;ensemble inclut un lavabo \u00e0 poser en c\u00e9ramique blanche brillante. Le miroir est \u00e9quip\u00e9 d&rsquo;un \u00e9clairage LED (IP65, 8,4 W, 910 lm, 6\u00a0000 K). L&rsquo;ensemble est livr\u00e9 enti\u00e8rement assembl\u00e9 et pr\u00eat \u00e0 \u00eatre fix\u00e9 au mur. Un kit de fixation est inclus. Robinetterie et bonde non incluses. Fabriqu\u00e9 en Espagne.<\/p>\n","protected":false},"excerpt":{"rendered":"<p>Ensemble de salle de bains comprenant un meuble vasque, un lavabo et un miroir avec \u00e9clairage LED. Le meuble vasque suspendu est fabriqu\u00e9 en panneaux de particules m\u00e9lamin\u00e9s de 19&#8230;<\/p>\n","protected":false},"featured_media":16072,"comment_status":"open","ping_status":"closed","template":"","meta":[],"product_brand":[425],"product_cat":[390],"product_tag":[],"class_list":{"0":"post-57370","1":"product","2":"type-product","3":"status-publish","4":"has-post-thumbnail","6":"product_brand-anneau","7":"product_cat-meubles-de-salle-de-bain","9":"first","10":"instock","11":"shipping-taxable","12":"purchasable","13":"product-type-variable"},"_links":{"self":[{"href":"https:\/\/emene.com\/fr\/wp-json\/wp\/v2\/product\/57370","targetHints":{"allow":["GET"]}}],"collection":[{"href":"https:\/\/emene.com\/fr\/wp-json\/wp\/v2\/product"}],"about":[{"href":"https:\/\/emene.com\/fr\/wp-json\/wp\/v2\/types\/product"}],"replies":[{"embeddable":true,"href":"https:\/\/emene.com\/fr\/wp-json\/wp\/v2\/comments?post=57370"}],"wp:featuredmedia":[{"embeddable":true,"href":"https:\/\/emene.com\/fr\/wp-json\/wp\/v2\/media\/16072"}],"wp:attachment":[{"href":"https:\/\/emene.com\/fr\/wp-json\/wp\/v2\/media?parent=57370"}],"wp:term":[{"taxonomy":"product_brand","embeddable":true,"href":"https:\/\/emene.com\/fr\/wp-json\/wp\/v2\/product_brand?post=57370"},{"taxonomy":"product_cat","embeddable":true,"href":"https:\/\/emene.com\/fr\/wp-json\/wp\/v2\/product_cat?post=57370"},{"taxonomy":"product_tag","embeddable":true,"href":"https:\/\/emene.com\/fr\/wp-json\/wp\/v2\/product_tag?post=57370"}],"curies":[{"name":"wp","href":"https:\/\/api.w.org\/{rel}","templated":true}]}}