{"id":57384,"date":"2026-02-26T23:52:40","date_gmt":"2026-02-26T22:52:40","guid":{"rendered":"https:\/\/emene.com\/producto\/complement-anneau\/"},"modified":"2026-02-26T23:52:43","modified_gmt":"2026-02-26T22:52:43","slug":"complement-anneau","status":"publish","type":"product","link":"https:\/\/emene.com\/fr\/producto\/complement-anneau\/","title":{"rendered":"Compl\u00e9ment ANNEAU"},"content":{"rendered":"<p>Meuble de rangement pour salle de bain, id\u00e9al pour optimiser l&rsquo;espace. Ce meuble mural est dot\u00e9 d&rsquo;une porte d\u00e9coup\u00e9e au laser et d&rsquo;\u00e9tag\u00e8res int\u00e9rieures. Fabriqu\u00e9 en stratifi\u00e9 de 19 mm. Charni\u00e8res \u00e0 fermeture amortie, test\u00e9es \u00e0 40\u00a0000 cycles, r\u00e9glables sur trois axes. Crochets muraux r\u00e9glables sur trois axes, supportant une charge de 65 kg chacun selon la norme DIN 68840, certifi\u00e9e LGA. Chants finis en PVC de 1 mm. Fabriqu\u00e9 en Espagne.<\/p>\n","protected":false},"excerpt":{"rendered":"<p>Meuble de rangement pour salle de bain, id\u00e9al pour optimiser l&rsquo;espace. Ce meuble mural est dot\u00e9 d&rsquo;une porte d\u00e9coup\u00e9e au laser et d&rsquo;\u00e9tag\u00e8res int\u00e9rieures. Fabriqu\u00e9 en stratifi\u00e9 de 19 mm&#8230;.<\/p>\n","protected":false},"featured_media":16041,"comment_status":"open","ping_status":"closed","template":"","meta":[],"product_brand":[425],"product_cat":[542],"product_tag":[],"class_list":{"0":"post-57384","1":"product","2":"type-product","3":"status-publish","4":"has-post-thumbnail","6":"product_brand-anneau","7":"product_cat-accessoire-de-salle-de-bain","9":"first","10":"instock","11":"shipping-taxable","12":"purchasable","13":"product-type-variable"},"_links":{"self":[{"href":"https:\/\/emene.com\/fr\/wp-json\/wp\/v2\/product\/57384","targetHints":{"allow":["GET"]}}],"collection":[{"href":"https:\/\/emene.com\/fr\/wp-json\/wp\/v2\/product"}],"about":[{"href":"https:\/\/emene.com\/fr\/wp-json\/wp\/v2\/types\/product"}],"replies":[{"embeddable":true,"href":"https:\/\/emene.com\/fr\/wp-json\/wp\/v2\/comments?post=57384"}],"wp:featuredmedia":[{"embeddable":true,"href":"https:\/\/emene.com\/fr\/wp-json\/wp\/v2\/media\/16041"}],"wp:attachment":[{"href":"https:\/\/emene.com\/fr\/wp-json\/wp\/v2\/media?parent=57384"}],"wp:term":[{"taxonomy":"product_brand","embeddable":true,"href":"https:\/\/emene.com\/fr\/wp-json\/wp\/v2\/product_brand?post=57384"},{"taxonomy":"product_cat","embeddable":true,"href":"https:\/\/emene.com\/fr\/wp-json\/wp\/v2\/product_cat?post=57384"},{"taxonomy":"product_tag","embeddable":true,"href":"https:\/\/emene.com\/fr\/wp-json\/wp\/v2\/product_tag?post=57384"}],"curies":[{"name":"wp","href":"https:\/\/api.w.org\/{rel}","templated":true}]}}