{"id":57438,"date":"2026-02-26T23:54:41","date_gmt":"2026-02-26T22:54:41","guid":{"rendered":"https:\/\/emene.com\/producto\/pack-tout-vasque-suspendue-xtone-miroir-led\/"},"modified":"2026-02-26T23:54:49","modified_gmt":"2026-02-26T22:54:49","slug":"pack-tout-vasque-suspendue-xtone-miroir-led","status":"publish","type":"product","link":"https:\/\/emene.com\/fr\/producto\/pack-tout-vasque-suspendue-xtone-miroir-led\/","title":{"rendered":"Pack TOUT + Vasque suspendue Xtone + Miroir LED"},"content":{"rendered":"<p>Ensemble de salle de bains comprenant un lavabo suspendu en mat\u00e9riau Xtone de Porcelanosa, un meuble vasque et un miroir avec \u00e9clairage LED. Le lavabo suspendu est fabriqu\u00e9 en Xtone de Porcelanosa, un mat\u00e9riau min\u00e9ral fritt\u00e9 compact, \u00e9labor\u00e9 \u00e0 partir de mati\u00e8res premi\u00e8res de la plus haute qualit\u00e9, offrant une surface haute performance. Le meuble vasque suspendu est dot\u00e9 d&rsquo;un tiroir \u00e0 une porte, finition anthracite mat, r\u00e9alis\u00e9 en panneau de particules stratifi\u00e9 de 19 mm d&rsquo;\u00e9paisseur avec une finition bois micro-relief. Le tiroir est \u00e0 extension compl\u00e8te et \u00e0 fermeture amortie. La fa\u00e7ade du tiroir est \u00e9galement en Xtone de Porcelanosa. L&rsquo;ensemble comprend un miroir avec \u00e9clairage LED (IP65, 10,8 W, 1170 lm, 6000 K). Le meuble vasque est livr\u00e9 enti\u00e8rement assembl\u00e9 et pr\u00eat \u00e0 \u00eatre fix\u00e9 au mur. Un kit de fixation est inclus. Robinetterie et bonde non incluses. Fabriqu\u00e9 en Espagne.<\/p>\n","protected":false},"excerpt":{"rendered":"<p>Ensemble de salle de bains comprenant un lavabo suspendu en mat\u00e9riau Xtone de Porcelanosa, un meuble vasque et un miroir avec \u00e9clairage LED. Le lavabo suspendu est fabriqu\u00e9 en Xtone&#8230;<\/p>\n","protected":false},"featured_media":20583,"comment_status":"open","ping_status":"closed","template":"","meta":[],"product_brand":[476],"product_cat":[390],"product_tag":[],"class_list":{"0":"post-57438","1":"product","2":"type-product","3":"status-publish","4":"has-post-thumbnail","6":"product_brand-tout","7":"product_cat-meubles-de-salle-de-bain","9":"first","10":"instock","11":"shipping-taxable","12":"purchasable","13":"product-type-variable"},"_links":{"self":[{"href":"https:\/\/emene.com\/fr\/wp-json\/wp\/v2\/product\/57438","targetHints":{"allow":["GET"]}}],"collection":[{"href":"https:\/\/emene.com\/fr\/wp-json\/wp\/v2\/product"}],"about":[{"href":"https:\/\/emene.com\/fr\/wp-json\/wp\/v2\/types\/product"}],"replies":[{"embeddable":true,"href":"https:\/\/emene.com\/fr\/wp-json\/wp\/v2\/comments?post=57438"}],"wp:featuredmedia":[{"embeddable":true,"href":"https:\/\/emene.com\/fr\/wp-json\/wp\/v2\/media\/20583"}],"wp:attachment":[{"href":"https:\/\/emene.com\/fr\/wp-json\/wp\/v2\/media?parent=57438"}],"wp:term":[{"taxonomy":"product_brand","embeddable":true,"href":"https:\/\/emene.com\/fr\/wp-json\/wp\/v2\/product_brand?post=57438"},{"taxonomy":"product_cat","embeddable":true,"href":"https:\/\/emene.com\/fr\/wp-json\/wp\/v2\/product_cat?post=57438"},{"taxonomy":"product_tag","embeddable":true,"href":"https:\/\/emene.com\/fr\/wp-json\/wp\/v2\/product_tag?post=57438"}],"curies":[{"name":"wp","href":"https:\/\/api.w.org\/{rel}","templated":true}]}}