{"id":57470,"date":"2026-02-26T23:55:26","date_gmt":"2026-02-26T22:55:26","guid":{"rendered":"https:\/\/emene.com\/producto\/pack-dorure-vasque-miroir-led\/"},"modified":"2026-02-26T23:55:30","modified_gmt":"2026-02-26T22:55:30","slug":"pack-dorure-vasque-miroir-led","status":"publish","type":"product","link":"https:\/\/emene.com\/fr\/producto\/pack-dorure-vasque-miroir-led\/","title":{"rendered":"Pack DORURE + vasque + miroir LED"},"content":{"rendered":"<p>Ensemble de salle de bain comprenant un meuble vasque, un lavabo et un miroir avec \u00e9clairage LED. Le meuble vasque suspendu est fabriqu\u00e9 en panneaux de particules m\u00e9lamin\u00e9s de 19 mm et dispose d&rsquo;un tiroir \u00e0 fermeture amortie finition anthracite mat et d&rsquo;une porte. Il est dot\u00e9 d&rsquo;un cadre d\u00e9coratif en m\u00e9tal dor\u00e9 avec une \u00e9tag\u00e8re en verre. Un lavabo \u00e0 poser est inclus. Le miroir int\u00e8gre un \u00e9clairage LED (IP65, 8,4 W, 910 lm, 6\u00a0000 K). L&rsquo;ensemble est livr\u00e9 enti\u00e8rement assembl\u00e9 et pr\u00eat \u00e0 \u00eatre fix\u00e9 au mur. Un kit de fixation est fourni. Robinetterie et bonde non incluses. Fabriqu\u00e9 en Espagne.<\/p>\n","protected":false},"excerpt":{"rendered":"<p>Ensemble de salle de bain comprenant un meuble vasque, un lavabo et un miroir avec \u00e9clairage LED. Le meuble vasque suspendu est fabriqu\u00e9 en panneaux de particules m\u00e9lamin\u00e9s de 19&#8230;<\/p>\n","protected":false},"featured_media":18568,"comment_status":"open","ping_status":"closed","template":"","meta":[],"product_brand":[448],"product_cat":[390],"product_tag":[],"class_list":{"0":"post-57470","1":"product","2":"type-product","3":"status-publish","4":"has-post-thumbnail","6":"product_brand-dorure","7":"product_cat-meubles-de-salle-de-bain","9":"first","10":"instock","11":"shipping-taxable","12":"purchasable","13":"product-type-variable"},"_links":{"self":[{"href":"https:\/\/emene.com\/fr\/wp-json\/wp\/v2\/product\/57470","targetHints":{"allow":["GET"]}}],"collection":[{"href":"https:\/\/emene.com\/fr\/wp-json\/wp\/v2\/product"}],"about":[{"href":"https:\/\/emene.com\/fr\/wp-json\/wp\/v2\/types\/product"}],"replies":[{"embeddable":true,"href":"https:\/\/emene.com\/fr\/wp-json\/wp\/v2\/comments?post=57470"}],"wp:featuredmedia":[{"embeddable":true,"href":"https:\/\/emene.com\/fr\/wp-json\/wp\/v2\/media\/18568"}],"wp:attachment":[{"href":"https:\/\/emene.com\/fr\/wp-json\/wp\/v2\/media?parent=57470"}],"wp:term":[{"taxonomy":"product_brand","embeddable":true,"href":"https:\/\/emene.com\/fr\/wp-json\/wp\/v2\/product_brand?post=57470"},{"taxonomy":"product_cat","embeddable":true,"href":"https:\/\/emene.com\/fr\/wp-json\/wp\/v2\/product_cat?post=57470"},{"taxonomy":"product_tag","embeddable":true,"href":"https:\/\/emene.com\/fr\/wp-json\/wp\/v2\/product_tag?post=57470"}],"curies":[{"name":"wp","href":"https:\/\/api.w.org\/{rel}","templated":true}]}}