{"id":57502,"date":"2026-02-26T23:56:37","date_gmt":"2026-02-26T22:56:37","guid":{"rendered":"https:\/\/emene.com\/producto\/pack-couleur-vasque-colore-miroir-rond\/"},"modified":"2026-02-26T23:56:45","modified_gmt":"2026-02-26T22:56:45","slug":"pack-couleur-vasque-colore-miroir-rond","status":"publish","type":"product","link":"https:\/\/emene.com\/fr\/producto\/pack-couleur-vasque-colore-miroir-rond\/","title":{"rendered":"Pack COULEUR + vasque color\u00e9 + miroir rond"},"content":{"rendered":"<p>Ensemble de salle de bain comprenant un meuble vasque, un lavabo et un miroir. Le meuble vasque suspendu est fabriqu\u00e9 en panneaux de particules m\u00e9lamin\u00e9s de 19 mm et dispose de deux tiroirs \u00e0 fermeture amortie et \u00e0 extension compl\u00e8te, finition anthracite mat. Le meuble vasque pr\u00e9sente une finition blanc mat avec des chants assortis au lavabo. Un lavabo d\u00e9coratif en c\u00e9ramique est inclus. Un miroir rond r\u00e9tro\u00e9clair\u00e9 est \u00e9galement fourni. Le meuble vasque est livr\u00e9 mont\u00e9 et pr\u00eat \u00e0 \u00eatre fix\u00e9 au mur. Un kit de fixation est inclus. Robinetterie et bonde non incluses. Fabriqu\u00e9 en Espagne.<\/p>\n","protected":false},"excerpt":{"rendered":"<p>Ensemble de salle de bain comprenant un meuble vasque, un lavabo et un miroir. Le meuble vasque suspendu est fabriqu\u00e9 en panneaux de particules m\u00e9lamin\u00e9s de 19 mm et dispose&#8230;<\/p>\n","protected":false},"featured_media":23010,"comment_status":"open","ping_status":"closed","template":"","meta":[],"product_brand":[500],"product_cat":[390],"product_tag":[],"class_list":{"0":"post-57502","1":"product","2":"type-product","3":"status-publish","4":"has-post-thumbnail","6":"product_brand-couleur","7":"product_cat-meubles-de-salle-de-bain","9":"first","10":"instock","11":"shipping-taxable","12":"purchasable","13":"product-type-variable"},"_links":{"self":[{"href":"https:\/\/emene.com\/fr\/wp-json\/wp\/v2\/product\/57502","targetHints":{"allow":["GET"]}}],"collection":[{"href":"https:\/\/emene.com\/fr\/wp-json\/wp\/v2\/product"}],"about":[{"href":"https:\/\/emene.com\/fr\/wp-json\/wp\/v2\/types\/product"}],"replies":[{"embeddable":true,"href":"https:\/\/emene.com\/fr\/wp-json\/wp\/v2\/comments?post=57502"}],"wp:featuredmedia":[{"embeddable":true,"href":"https:\/\/emene.com\/fr\/wp-json\/wp\/v2\/media\/23010"}],"wp:attachment":[{"href":"https:\/\/emene.com\/fr\/wp-json\/wp\/v2\/media?parent=57502"}],"wp:term":[{"taxonomy":"product_brand","embeddable":true,"href":"https:\/\/emene.com\/fr\/wp-json\/wp\/v2\/product_brand?post=57502"},{"taxonomy":"product_cat","embeddable":true,"href":"https:\/\/emene.com\/fr\/wp-json\/wp\/v2\/product_cat?post=57502"},{"taxonomy":"product_tag","embeddable":true,"href":"https:\/\/emene.com\/fr\/wp-json\/wp\/v2\/product_tag?post=57502"}],"curies":[{"name":"wp","href":"https:\/\/api.w.org\/{rel}","templated":true}]}}