{"id":57531,"date":"2026-02-26T23:57:46","date_gmt":"2026-02-26T22:57:46","guid":{"rendered":"https:\/\/emene.com\/producto\/pack-elegant-xtone-cadre-noir-vasque-miroir-led\/"},"modified":"2026-02-26T23:57:49","modified_gmt":"2026-02-26T22:57:49","slug":"pack-elegant-xtone-cadre-noir-vasque-miroir-led","status":"publish","type":"product","link":"https:\/\/emene.com\/fr\/producto\/pack-elegant-xtone-cadre-noir-vasque-miroir-led\/","title":{"rendered":"Pack \u00c9L\u00c9GANT XTONE : Cadre noir + vasque + miroir LED"},"content":{"rendered":"<p>Meuble vasque suspendu avec lavabo et miroir int\u00e9grant un \u00e9clairage LED. Le plan de travail est r\u00e9alis\u00e9 en Xtone de Porcelanosa, un mat\u00e9riau min\u00e9ral fritt\u00e9 compact, \u00e9labor\u00e9 \u00e0 partir de mati\u00e8res premi\u00e8res d&rsquo;une puret\u00e9 exceptionnelle, pour une surface haute performance. Ce meuble vasque suspendu est fabriqu\u00e9 en panneaux de particules stratifi\u00e9s de 19 mm avec une finition bois micro-relief et comprend un tiroir anthracite mat \u00e0 extension compl\u00e8te et fermeture amortie. La structure est en m\u00e9tal noir mat. Un lavabo \u00e0 poser en c\u00e9ramique est inclus. Le miroir est \u00e9quip\u00e9 d&rsquo;un \u00e9clairage LED (IP65, 10,8 W, 1170 lm, 6000 K). Le meuble est livr\u00e9 enti\u00e8rement assembl\u00e9 et pr\u00eat \u00e0 \u00eatre fix\u00e9 au mur. Un kit de fixation est fourni. Robinetterie et bonde non incluses. Fabriqu\u00e9 en Espagne.<\/p>\n","protected":false},"excerpt":{"rendered":"<p>Meuble vasque suspendu avec lavabo et miroir int\u00e9grant un \u00e9clairage LED. Le plan de travail est r\u00e9alis\u00e9 en Xtone de Porcelanosa, un mat\u00e9riau min\u00e9ral fritt\u00e9 compact, \u00e9labor\u00e9 \u00e0 partir de&#8230;<\/p>\n","protected":false},"featured_media":18771,"comment_status":"open","ping_status":"closed","template":"","meta":[],"product_brand":[450],"product_cat":[390],"product_tag":[],"class_list":{"0":"post-57531","1":"product","2":"type-product","3":"status-publish","4":"has-post-thumbnail","6":"product_brand-elegant","7":"product_cat-meubles-de-salle-de-bain","9":"first","10":"instock","11":"shipping-taxable","12":"purchasable","13":"product-type-variable"},"_links":{"self":[{"href":"https:\/\/emene.com\/fr\/wp-json\/wp\/v2\/product\/57531","targetHints":{"allow":["GET"]}}],"collection":[{"href":"https:\/\/emene.com\/fr\/wp-json\/wp\/v2\/product"}],"about":[{"href":"https:\/\/emene.com\/fr\/wp-json\/wp\/v2\/types\/product"}],"replies":[{"embeddable":true,"href":"https:\/\/emene.com\/fr\/wp-json\/wp\/v2\/comments?post=57531"}],"wp:featuredmedia":[{"embeddable":true,"href":"https:\/\/emene.com\/fr\/wp-json\/wp\/v2\/media\/18771"}],"wp:attachment":[{"href":"https:\/\/emene.com\/fr\/wp-json\/wp\/v2\/media?parent=57531"}],"wp:term":[{"taxonomy":"product_brand","embeddable":true,"href":"https:\/\/emene.com\/fr\/wp-json\/wp\/v2\/product_brand?post=57531"},{"taxonomy":"product_cat","embeddable":true,"href":"https:\/\/emene.com\/fr\/wp-json\/wp\/v2\/product_cat?post=57531"},{"taxonomy":"product_tag","embeddable":true,"href":"https:\/\/emene.com\/fr\/wp-json\/wp\/v2\/product_tag?post=57531"}],"curies":[{"name":"wp","href":"https:\/\/api.w.org\/{rel}","templated":true}]}}