{"id":60266,"date":"2026-04-21T15:30:03","date_gmt":"2026-04-21T13:30:03","guid":{"rendered":"https:\/\/emene.com\/producto\/pack-maree-xtone-vasque-cannelee\/"},"modified":"2026-04-21T15:37:37","modified_gmt":"2026-04-21T13:37:37","slug":"pack-maree-xtone-vasque-cannelee","status":"publish","type":"product","link":"https:\/\/emene.com\/fr\/producto\/pack-maree-xtone-vasque-cannelee\/","title":{"rendered":"Pack MAR\u00c9E + vasque cannel\u00e9e"},"content":{"rendered":"<p>Ensemble comprenant un meuble-lavabo suspendu et une vasque cannel\u00e9e. Le meuble se compose d&rsquo;un module \u00e0 deux tiroirs. La fa\u00e7ade du meuble-lavabo est en porcelaine Xtone, un compact min\u00e9ral fritt\u00e9 fabriqu\u00e9 \u00e0 partir de mati\u00e8res premi\u00e8res de la plus haute qualit\u00e9, offrant une surface haute performance. Le meuble est fabriqu\u00e9 en panneaux de particules de 19 mm avec un rev\u00eatement m\u00e9lamin\u00e9 et des caract\u00e9ristiques de surface optimales. Il est \u00e9cologique et recyclable. Il comprend des supports de fixation avec syst\u00e8me anti-affaissement. Les tiroirs m\u00e9talliques \u00e0 double paroi pr\u00e9sentent une esth\u00e9tique minimaliste, avec des nervures fines et des lignes droites, des m\u00e9canismes de fermeture amortie, une capacit\u00e9 de charge de 25 kg, une accessibilit\u00e9 totale et un grand espace de rangement. Une vasque \u00e0 poser en c\u00e9ramique est incluse. Miroir non inclus. Le meuble est livr\u00e9 assembl\u00e9 et pr\u00eat \u00e0 \u00eatre fix\u00e9 au mur. Un kit de montage est inclus. Robinet et bonde non inclus. Fabriqu\u00e9 en Espagne.<\/p>\n<p>Toutes les commandes sont exp\u00e9di\u00e9es dans un seul colis contenant tous les composants, vous assurant ainsi une r\u00e9ception rapide de votre produit complet.<\/p>\n<p>Notre production est conforme aux normes de qualit\u00e9 les plus strictes, certifi\u00e9es ISO 9001 par Bureau Veritas.<\/p>\n<p>De plus, nous avons \u00e0 c\u0153ur la protection de l&rsquo;environnement : tous nos produits portent les labels FSC\u00ae et PEFC\u2122, garantissant des for\u00eats durables et un avenir plus vert.<\/p>\n","protected":false},"excerpt":{"rendered":"<p>Ensemble comprenant un meuble-lavabo suspendu et une vasque cannel\u00e9e. Le meuble se compose d&rsquo;un module \u00e0 deux tiroirs. La fa\u00e7ade du meuble-lavabo est en porcelaine Xtone, un compact min\u00e9ral fritt\u00e9&#8230;<\/p>\n","protected":false},"featured_media":0,"comment_status":"open","ping_status":"closed","template":"","meta":[],"product_brand":[],"product_cat":[],"product_tag":[],"class_list":{"0":"post-60266","1":"product","2":"type-product","3":"status-publish","5":"first","6":"instock","7":"shipping-taxable","8":"purchasable","9":"product-type-variable"},"_links":{"self":[{"href":"https:\/\/emene.com\/fr\/wp-json\/wp\/v2\/product\/60266","targetHints":{"allow":["GET"]}}],"collection":[{"href":"https:\/\/emene.com\/fr\/wp-json\/wp\/v2\/product"}],"about":[{"href":"https:\/\/emene.com\/fr\/wp-json\/wp\/v2\/types\/product"}],"replies":[{"embeddable":true,"href":"https:\/\/emene.com\/fr\/wp-json\/wp\/v2\/comments?post=60266"}],"wp:attachment":[{"href":"https:\/\/emene.com\/fr\/wp-json\/wp\/v2\/media?parent=60266"}],"wp:term":[{"taxonomy":"product_brand","embeddable":true,"href":"https:\/\/emene.com\/fr\/wp-json\/wp\/v2\/product_brand?post=60266"},{"taxonomy":"product_cat","embeddable":true,"href":"https:\/\/emene.com\/fr\/wp-json\/wp\/v2\/product_cat?post=60266"},{"taxonomy":"product_tag","embeddable":true,"href":"https:\/\/emene.com\/fr\/wp-json\/wp\/v2\/product_tag?post=60266"}],"curies":[{"name":"wp","href":"https:\/\/api.w.org\/{rel}","templated":true}]}}