{"id":60278,"date":"2026-04-21T15:30:05","date_gmt":"2026-04-21T13:30:05","guid":{"rendered":"https:\/\/emene.com\/producto\/pack-ondule-xtone-vasque-miroir-soul\/"},"modified":"2026-04-21T15:36:36","modified_gmt":"2026-04-21T13:36:36","slug":"pack-ondule-xtone-vasque-miroir-soul","status":"publish","type":"product","link":"https:\/\/emene.com\/fr\/producto\/pack-ondule-xtone-vasque-miroir-soul\/","title":{"rendered":"Pack ONDUL\u00c9 + vasque + miroir Soul"},"content":{"rendered":"<p>Ensemble comprenant un meuble-lavabo suspendu, une vasque et un miroir Alma \u00e0 double position. Le meuble-lavabo se compose d&rsquo;un module \u00e0 un tiroir avec fa\u00e7ade \u00e0 lattes et d&rsquo;un module de rangement d\u00e9coratif. Sa fa\u00e7ade en porcelaine Xtone, un compact min\u00e9ral fritt\u00e9 fabriqu\u00e9 \u00e0 partir de mati\u00e8res premi\u00e8res de haute qualit\u00e9, offre une surface performante. Fabriqu\u00e9 en panneaux de particules de 19 mm avec rev\u00eatement m\u00e9lamin\u00e9 et caract\u00e9ristiques de surface optimales, ce meuble est \u00e9cologique et recyclable. Il est \u00e9quip\u00e9 de fixations avec syst\u00e8me anti-affaissement. Les tiroirs m\u00e9talliques \u00e0 double paroi pr\u00e9sentent une esth\u00e9tique minimaliste, avec des nervures fines et des lignes droites, un syst\u00e8me de fermeture amortie, une capacit\u00e9 de charge de 25 kg, une accessibilit\u00e9 totale et un grand espace de rangement \u00e0 l&rsquo;arri\u00e8re. Une vasque \u00e0 poser et un miroir design Alma sont inclus. Le meuble-lavabo est livr\u00e9 assembl\u00e9 et pr\u00eat \u00e0 \u00eatre fix\u00e9 au mur. Un kit de montage est fourni. Robinetterie et bonde non incluses. Fabriqu\u00e9 en Espagne. Toutes les commandes sont exp\u00e9di\u00e9es dans un seul colis contenant tous les composants. Vous recevez ainsi votre produit complet sans d\u00e9lai.<\/p>\n<p>Notre production r\u00e9pond aux normes de qualit\u00e9 les plus exigeantes, attest\u00e9es par la certification ISO 9001 de Bureau Veritas.<\/p>\n<p>De plus, nous avons \u00e0 c\u0153ur la protection de l&rsquo;environnement\u00a0: tous nos produits sont certifi\u00e9s FSC\u00ae et PEFC\u2122, garantissant ainsi une gestion durable des for\u00eats et un avenir plus vert.<\/p>\n","protected":false},"excerpt":{"rendered":"<p>Ensemble comprenant un meuble-lavabo suspendu, une vasque et un miroir Alma \u00e0 double position. Le meuble-lavabo se compose d&rsquo;un module \u00e0 un tiroir avec fa\u00e7ade \u00e0 lattes et d&rsquo;un module&#8230;<\/p>\n","protected":false},"featured_media":0,"comment_status":"open","ping_status":"closed","template":"","meta":[],"product_brand":[524],"product_cat":[],"product_tag":[],"class_list":{"0":"post-60278","1":"product","2":"type-product","3":"status-publish","5":"product_brand-ondule","7":"first","8":"instock","9":"shipping-taxable","10":"purchasable","11":"product-type-variable"},"_links":{"self":[{"href":"https:\/\/emene.com\/fr\/wp-json\/wp\/v2\/product\/60278","targetHints":{"allow":["GET"]}}],"collection":[{"href":"https:\/\/emene.com\/fr\/wp-json\/wp\/v2\/product"}],"about":[{"href":"https:\/\/emene.com\/fr\/wp-json\/wp\/v2\/types\/product"}],"replies":[{"embeddable":true,"href":"https:\/\/emene.com\/fr\/wp-json\/wp\/v2\/comments?post=60278"}],"wp:attachment":[{"href":"https:\/\/emene.com\/fr\/wp-json\/wp\/v2\/media?parent=60278"}],"wp:term":[{"taxonomy":"product_brand","embeddable":true,"href":"https:\/\/emene.com\/fr\/wp-json\/wp\/v2\/product_brand?post=60278"},{"taxonomy":"product_cat","embeddable":true,"href":"https:\/\/emene.com\/fr\/wp-json\/wp\/v2\/product_cat?post=60278"},{"taxonomy":"product_tag","embeddable":true,"href":"https:\/\/emene.com\/fr\/wp-json\/wp\/v2\/product_tag?post=60278"}],"curies":[{"name":"wp","href":"https:\/\/api.w.org\/{rel}","templated":true}]}}