{"id":60290,"date":"2026-04-21T15:30:07","date_gmt":"2026-04-21T13:30:07","guid":{"rendered":"https:\/\/emene.com\/producto\/pack-bouche-xtone-vasque\/"},"modified":"2026-04-21T15:35:57","modified_gmt":"2026-04-21T13:35:57","slug":"pack-bouche-xtone-vasque","status":"publish","type":"product","link":"https:\/\/emene.com\/fr\/producto\/pack-bouche-xtone-vasque\/","title":{"rendered":"Pack BOUCHE + vasque"},"content":{"rendered":"<p>Ensemble comprenant un meuble-lavabo suspendu et une vasque. Meuble-lavabo avec poign\u00e9e circulaire en porcelaine Xtone. Ce meuble-lavabo suspendu est compos\u00e9 d&rsquo;un tiroir et d&rsquo;une porte en panneaux de particules de 19 mm avec rev\u00eatement m\u00e9lamin\u00e9 et finitions de surface optimales. \u00c9cologique et recyclable, il est dot\u00e9 d&rsquo;une fa\u00e7ade en Xtone de Porcelanosa, un compact min\u00e9ral fritt\u00e9 issu de mati\u00e8res premi\u00e8res de haute puret\u00e9, offrant une surface performante. Les charni\u00e8res sont \u00e9quip\u00e9es d&rsquo;un piston \u00e0 fermeture amortie pour une ouverture et une fermeture en douceur et un r\u00e9glage tridimensionnel. Les fixations murales sont r\u00e9glables sur trois axes et supportent une charge de 65 kg chacune, conform\u00e9ment \u00e0 la norme DIN-68840 et certifi\u00e9es LGA. Les chants sont finis en PVC de 1 mm. Les fixations sont \u00e9quip\u00e9es d&rsquo;un syst\u00e8me anti-d\u00e9tachement. Vasque \u00e0 poser en c\u00e9ramique incluse. Miroir non inclus. Le meuble-lavabo est livr\u00e9 mont\u00e9 et pr\u00eat \u00e0 \u00eatre fix\u00e9 au mur. Kit de montage inclus. Robinetterie et bonde non incluses. Fabriqu\u00e9 en Espagne. Toutes les commandes sont exp\u00e9di\u00e9es dans un seul colis contenant tous les composants, vous garantissant ainsi une r\u00e9ception rapide de votre produit complet.<\/p>\n<p>Notre production r\u00e9pond aux normes de qualit\u00e9 les plus exigeantes, attest\u00e9es par la certification ISO 9001 de Bureau Veritas.<\/p>\n<p>De plus, nous avons \u00e0 c\u0153ur la protection de l&rsquo;environnement\u00a0: tous nos produits sont certifi\u00e9s FSC\u00ae et PEFC\u2122, garantissant une gestion durable des for\u00eats et un avenir plus vert.<\/p>\n","protected":false},"excerpt":{"rendered":"<p>Ensemble comprenant un meuble-lavabo suspendu et une vasque. Meuble-lavabo avec poign\u00e9e circulaire en porcelaine Xtone. Ce meuble-lavabo suspendu est compos\u00e9 d&rsquo;un tiroir et d&rsquo;une porte en panneaux de particules de&#8230;<\/p>\n","protected":false},"featured_media":0,"comment_status":"open","ping_status":"closed","template":"","meta":[],"product_brand":[],"product_cat":[],"product_tag":[],"class_list":{"0":"post-60290","1":"product","2":"type-product","3":"status-publish","5":"first","6":"instock","7":"shipping-taxable","8":"purchasable","9":"product-type-variable"},"_links":{"self":[{"href":"https:\/\/emene.com\/fr\/wp-json\/wp\/v2\/product\/60290","targetHints":{"allow":["GET"]}}],"collection":[{"href":"https:\/\/emene.com\/fr\/wp-json\/wp\/v2\/product"}],"about":[{"href":"https:\/\/emene.com\/fr\/wp-json\/wp\/v2\/types\/product"}],"replies":[{"embeddable":true,"href":"https:\/\/emene.com\/fr\/wp-json\/wp\/v2\/comments?post=60290"}],"wp:attachment":[{"href":"https:\/\/emene.com\/fr\/wp-json\/wp\/v2\/media?parent=60290"}],"wp:term":[{"taxonomy":"product_brand","embeddable":true,"href":"https:\/\/emene.com\/fr\/wp-json\/wp\/v2\/product_brand?post=60290"},{"taxonomy":"product_cat","embeddable":true,"href":"https:\/\/emene.com\/fr\/wp-json\/wp\/v2\/product_cat?post=60290"},{"taxonomy":"product_tag","embeddable":true,"href":"https:\/\/emene.com\/fr\/wp-json\/wp\/v2\/product_tag?post=60290"}],"curies":[{"name":"wp","href":"https:\/\/api.w.org\/{rel}","templated":true}]}}