{"id":60307,"date":"2026-04-21T15:30:11","date_gmt":"2026-04-21T13:30:11","guid":{"rendered":"https:\/\/emene.com\/producto\/pack-endroit-vasque-cannele\/"},"modified":"2026-04-21T15:30:14","modified_gmt":"2026-04-21T13:30:14","slug":"pack-endroit-vasque-cannele","status":"publish","type":"product","link":"https:\/\/emene.com\/fr\/producto\/pack-endroit-vasque-cannele\/","title":{"rendered":"Pack ENDROIT + vasque cannel\u00e9"},"content":{"rendered":"<p>Meuble vasque suspendu avec vasque cannel\u00e9e. Fabriqu\u00e9 en panneaux de particules de 19 mm avec rev\u00eatement m\u00e9lamin\u00e9. Il est dot\u00e9 d&rsquo;un tiroir m\u00e9tallique \u00e0 fermeture amortie supportant jusqu&rsquo;\u00e0 25 kg, offrant une accessibilit\u00e9 totale et un grand espace de rangement. Des accessoires d\u00e9coratifs sont inclus pour optimiser l&rsquo;espace de rangement et peuvent \u00eatre dispos\u00e9s de diff\u00e9rentes mani\u00e8res. La vasque \u00e0 poser en c\u00e9ramique est incluse. Miroir non inclus. Le meuble est livr\u00e9 enti\u00e8rement assembl\u00e9 et pr\u00eat \u00e0 \u00eatre fix\u00e9 au mur. La visserie de fixation est fournie. Robinetterie et bonde non incluses. Fabriqu\u00e9 en Espagne. Toutes les commandes sont exp\u00e9di\u00e9es dans un seul colis contenant tous les composants, vous garantissant ainsi une r\u00e9ception rapide de votre produit complet. Notre production respecte les normes de qualit\u00e9 les plus strictes, attest\u00e9es par la certification ISO 9001 de Bureau Veritas. De plus, nous sommes engag\u00e9s pour l&rsquo;environnement\u00a0: tous nos produits sont certifi\u00e9s FSC\u00ae et PEFC\u2122, garantissant une gestion durable des for\u00eats et un avenir plus vert.<\/p>\n","protected":false},"excerpt":{"rendered":"<p>Meuble vasque suspendu avec vasque cannel\u00e9e. Fabriqu\u00e9 en panneaux de particules de 19 mm avec rev\u00eatement m\u00e9lamin\u00e9. Il est dot\u00e9 d&rsquo;un tiroir m\u00e9tallique \u00e0 fermeture amortie supportant jusqu&rsquo;\u00e0 25 kg,&#8230;<\/p>\n","protected":false},"featured_media":0,"comment_status":"open","ping_status":"closed","template":"","meta":[],"product_brand":[725],"product_cat":[536],"product_tag":[],"class_list":{"0":"post-60307","1":"product","2":"type-product","3":"status-publish","5":"product_brand-endroit","6":"product_cat-meuble-de-salle-de-bain","8":"first","9":"instock","10":"shipping-taxable","11":"purchasable","12":"product-type-variable"},"_links":{"self":[{"href":"https:\/\/emene.com\/fr\/wp-json\/wp\/v2\/product\/60307","targetHints":{"allow":["GET"]}}],"collection":[{"href":"https:\/\/emene.com\/fr\/wp-json\/wp\/v2\/product"}],"about":[{"href":"https:\/\/emene.com\/fr\/wp-json\/wp\/v2\/types\/product"}],"replies":[{"embeddable":true,"href":"https:\/\/emene.com\/fr\/wp-json\/wp\/v2\/comments?post=60307"}],"wp:attachment":[{"href":"https:\/\/emene.com\/fr\/wp-json\/wp\/v2\/media?parent=60307"}],"wp:term":[{"taxonomy":"product_brand","embeddable":true,"href":"https:\/\/emene.com\/fr\/wp-json\/wp\/v2\/product_brand?post=60307"},{"taxonomy":"product_cat","embeddable":true,"href":"https:\/\/emene.com\/fr\/wp-json\/wp\/v2\/product_cat?post=60307"},{"taxonomy":"product_tag","embeddable":true,"href":"https:\/\/emene.com\/fr\/wp-json\/wp\/v2\/product_tag?post=60307"}],"curies":[{"name":"wp","href":"https:\/\/api.w.org\/{rel}","templated":true}]}}