{"id":60332,"date":"2026-04-21T15:30:15","date_gmt":"2026-04-21T13:30:15","guid":{"rendered":"https:\/\/emene.com\/producto\/pack-desir-vasque-2\/"},"modified":"2026-04-21T15:30:17","modified_gmt":"2026-04-21T13:30:17","slug":"pack-desir-vasque-2","status":"publish","type":"product","link":"https:\/\/emene.com\/fr\/producto\/pack-desir-vasque-2\/","title":{"rendered":"Pack D\u00c9SIR + vasque"},"content":{"rendered":"<p>Meuble vasque avec lavabo. Ce meuble se compose d&rsquo;un tiroir. Sa fa\u00e7ade en porcelaine Xtone, un compact min\u00e9ral fritt\u00e9 issu de mati\u00e8res premi\u00e8res de haute puret\u00e9, offre une surface haute performance. Fabriqu\u00e9 en panneaux de particules de 19 mm avec rev\u00eatement m\u00e9lamin\u00e9, il pr\u00e9sente des caract\u00e9ristiques de surface optimales. \u00c9cologique et recyclable, il est \u00e9quip\u00e9 de supports de fixation avec syst\u00e8me anti-affaissement. Les tiroirs m\u00e9talliques \u00e0 double paroi arborent une esth\u00e9tique minimaliste, avec des nervures fines et des lignes droites. Ils sont dot\u00e9s d&rsquo;un syst\u00e8me de fermeture amortie, supportent une charge de 25 kg, offrent une accessibilit\u00e9 totale et un espace de rangement g\u00e9n\u00e9reux. Un lavabo \u00e0 poser en c\u00e9ramique est inclus. Miroir non inclus. Le meuble est livr\u00e9 mont\u00e9 et pr\u00eat \u00e0 \u00eatre fix\u00e9 au mur. Un kit de fixation est fourni. Robinetterie et bonde non incluses. Fabriqu\u00e9 en Espagne.<\/p>\n<p>Toutes les commandes sont exp\u00e9di\u00e9es dans un seul colis contenant tous les composants, vous garantissant une livraison rapide et compl\u00e8te.<\/p>\n<p>Notre production respecte les normes les plus exigeantes. Nos normes de qualit\u00e9 sont certifi\u00e9es ISO 9001 par Bureau Veritas.<\/p>\n<p>De plus, nous avons \u00e0 c\u0153ur la protection de l&rsquo;environnement : tous nos produits portent les labels FSC\u00ae et PEFC\u2122, garantissant des for\u00eats durables et un avenir plus vert.<\/p>\n","protected":false},"excerpt":{"rendered":"<p>Meuble vasque avec lavabo. Ce meuble se compose d&rsquo;un tiroir. Sa fa\u00e7ade en porcelaine Xtone, un compact min\u00e9ral fritt\u00e9 issu de mati\u00e8res premi\u00e8res de haute puret\u00e9, offre une surface haute&#8230;<\/p>\n","protected":false},"featured_media":0,"comment_status":"open","ping_status":"closed","template":"","meta":[],"product_brand":[726],"product_cat":[536],"product_tag":[],"class_list":{"0":"post-60332","1":"product","2":"type-product","3":"status-publish","5":"product_brand-desir","6":"product_cat-meuble-de-salle-de-bain","8":"first","9":"instock","10":"shipping-taxable","11":"purchasable","12":"product-type-variable"},"_links":{"self":[{"href":"https:\/\/emene.com\/fr\/wp-json\/wp\/v2\/product\/60332","targetHints":{"allow":["GET"]}}],"collection":[{"href":"https:\/\/emene.com\/fr\/wp-json\/wp\/v2\/product"}],"about":[{"href":"https:\/\/emene.com\/fr\/wp-json\/wp\/v2\/types\/product"}],"replies":[{"embeddable":true,"href":"https:\/\/emene.com\/fr\/wp-json\/wp\/v2\/comments?post=60332"}],"wp:attachment":[{"href":"https:\/\/emene.com\/fr\/wp-json\/wp\/v2\/media?parent=60332"}],"wp:term":[{"taxonomy":"product_brand","embeddable":true,"href":"https:\/\/emene.com\/fr\/wp-json\/wp\/v2\/product_brand?post=60332"},{"taxonomy":"product_cat","embeddable":true,"href":"https:\/\/emene.com\/fr\/wp-json\/wp\/v2\/product_cat?post=60332"},{"taxonomy":"product_tag","embeddable":true,"href":"https:\/\/emene.com\/fr\/wp-json\/wp\/v2\/product_tag?post=60332"}],"curies":[{"name":"wp","href":"https:\/\/api.w.org\/{rel}","templated":true}]}}